{"id":2,"date":"2018-09-29T11:57:55","date_gmt":"2018-09-29T10:57:55","guid":{"rendered":"http:\/\/www.kamerorkesttouche.nl\/?page_id=2"},"modified":"2025-04-16T18:10:51","modified_gmt":"2025-04-16T17:10:51","slug":"about","status":"publish","type":"page","link":"https:\/\/www.kamerorkesttouche.nl\/public_html\/about\/","title":{"rendered":"Over ons"},"content":{"rendered":"<p>In het najaar van 2002 hebben de voorzitter van het oprichtingsbestuur Marianne van der Kamp, vioolbouwer Robert Walters en violist\/dirigent Andr\u00e1s Czifra aan de wieg gestaan van kamerorkest Touch\u00e9.<\/p>\n<p>Kamerorkest Touch\u00e9 is een strijkorkest en bestaat uit enthousiaste, gevorderde amateurmusici uit Rotterdam en omstreken. Iedere week wordt op maandagavond het repertoire ingestudeerd in de aula van het Auris College te Rotterdam. Met enige regelmaat vinden er groepsrepetities plaats onder leiding van professionele musici.<\/p>\n<p>Kamerorkest Touch\u00e9 wil gemotiveerde amateurmusici de gelegenheid bieden om deel uit te maken van een kamerorkest, dat streeft naar een zo hoog mogelijk niveau. Daarnaast wil het jonge musici de kans geven om podiumervaring op te doen. Boven alles geldt, dat het plezier in samen musiceren voorop staat.<\/p>\n<p>Kamerorkest Touch\u00e9 wil een breed publiek in de regio aanspreken met een gevarieerd en verrassend repertoire tijdens de vaste concerten, die tweemaal per seizoen plaats vinden. Ook wordt er regelmatig opgetreden met diverse solisten, ensembles, andere orkesten en koren.<\/p>\n\n\n<figure class=\"wp-block-image size-large\"><img fetchpriority=\"high\" decoding=\"async\" width=\"1024\" height=\"683\" src=\"https:\/\/www.kamerorkesttouche.nl\/wp-content\/uploads\/2025\/04\/P1003129-1024x683.jpg\" alt=\"\" class=\"wp-image-469\" srcset=\"https:\/\/www.kamerorkesttouche.nl\/wp-content\/uploads\/2025\/04\/P1003129-1024x683.jpg 1024w, https:\/\/www.kamerorkesttouche.nl\/wp-content\/uploads\/2025\/04\/P1003129-300x200.jpg 300w, https:\/\/www.kamerorkesttouche.nl\/wp-content\/uploads\/2025\/04\/P1003129-150x100.jpg 150w, https:\/\/www.kamerorkesttouche.nl\/wp-content\/uploads\/2025\/04\/P1003129-768x512.jpg 768w, https:\/\/www.kamerorkesttouche.nl\/wp-content\/uploads\/2025\/04\/P1003129-1536x1024.jpg 1536w, https:\/\/www.kamerorkesttouche.nl\/wp-content\/uploads\/2025\/04\/P1003129-2048x1365.jpg 2048w, https:\/\/www.kamerorkesttouche.nl\/wp-content\/uploads\/2025\/04\/P1003129-360x240.jpg 360w, https:\/\/www.kamerorkesttouche.nl\/wp-content\/uploads\/2025\/04\/P1003129-113x75.jpg 113w\" sizes=\"(max-width: 1024px) 100vw, 1024px\" \/><\/figure>\n\n\n\n<pre class=\"wp-block-code\"><code><a href=\"https:\/\/www.kamerorkesttouche.nl\/public_html\/privacyverklaring\/\" target=\"_blank\" rel=\"noreferrer noopener\" data-type=\"URL\" data-id=\"https:\/\/www.kamerorkesttouche.nl\/public_html\/privacyverklaring\/\">Privacyverklaring<\/a><\/code><\/pre>\n\n\n\n<p class=\"wp-block-paragraph\">&nbsp;<\/p>\n","protected":false},"excerpt":{"rendered":"<p>In het najaar van 2002 hebben de voorzitter van het oprichtingsbestuur Marianne van der Kamp, vioolbouwer Robert Walters en violist\/dirigent Andr\u00e1s Czifra aan de wieg gestaan van kamerorkest Touch\u00e9. Kamerorkest Touch\u00e9 is een strijkorkest en bestaat uit enthousiaste, gevorderde amateurmusici uit Rotterdam en omstreken. Iedere week wordt op maandagavond het repertoire ingestudeerd in de aula&#8230;<\/p>\n","protected":false},"author":1,"featured_media":0,"parent":0,"menu_order":0,"comment_status":"closed","ping_status":"closed","template":"","meta":{"_crdt_document":"","footnotes":""},"class_list":["post-2","page","type-page","status-publish","hentry"],"_links":{"self":[{"href":"https:\/\/www.kamerorkesttouche.nl\/public_html\/wp-json\/wp\/v2\/pages\/2","targetHints":{"allow":["GET"]}}],"collection":[{"href":"https:\/\/www.kamerorkesttouche.nl\/public_html\/wp-json\/wp\/v2\/pages"}],"about":[{"href":"https:\/\/www.kamerorkesttouche.nl\/public_html\/wp-json\/wp\/v2\/types\/page"}],"author":[{"embeddable":true,"href":"https:\/\/www.kamerorkesttouche.nl\/public_html\/wp-json\/wp\/v2\/users\/1"}],"replies":[{"embeddable":true,"href":"https:\/\/www.kamerorkesttouche.nl\/public_html\/wp-json\/wp\/v2\/comments?post=2"}],"version-history":[{"count":13,"href":"https:\/\/www.kamerorkesttouche.nl\/public_html\/wp-json\/wp\/v2\/pages\/2\/revisions"}],"predecessor-version":[{"id":474,"href":"https:\/\/www.kamerorkesttouche.nl\/public_html\/wp-json\/wp\/v2\/pages\/2\/revisions\/474"}],"wp:attachment":[{"href":"https:\/\/www.kamerorkesttouche.nl\/public_html\/wp-json\/wp\/v2\/media?parent=2"}],"curies":[{"name":"wp","href":"https:\/\/api.w.org\/{rel}","templated":true}]}}